{"id":135,"date":"2023-06-28T21:11:30","date_gmt":"2023-06-29T00:11:30","guid":{"rendered":"https:\/\/lucianalluna.com\/habitualmente\/?page_id=135"},"modified":"2023-06-28T21:11:30","modified_gmt":"2023-06-29T00:11:30","slug":"tratamentos","status":"publish","type":"page","link":"https:\/\/lucianalluna.com\/habitualmente\/tratamentos\/","title":{"rendered":"Tratamentos"},"content":{"rendered":"\n<ul class=\"wp-block-list\">\n<li>Depress\u00e3o;<\/li>\n\n\n\n<li>Ansiedade;<\/li>\n\n\n\n<li>Fobias;<\/li>\n\n\n\n<li>Altera\u00e7\u00f5es do Humor;<\/li>\n\n\n\n<li>Ang\u00fastia;<\/li>\n\n\n\n<li>Inseguran\u00e7a;<\/li>\n\n\n\n<li>Estresse;<\/li>\n\n\n\n<li>Dificuldades nas rela\u00e7\u00f5es;<\/li>\n<\/ul>\n","protected":false},"excerpt":{"rendered":"","protected":false},"author":1,"featured_media":0,"parent":0,"menu_order":0,"comment_status":"closed","ping_status":"closed","template":"","meta":{"footnotes":""},"class_list":["post-135","page","type-page","status-publish"],"yoast_head":"<!-- This site is optimized with the Yoast SEO plugin v27.4 - https:\/\/yoast.com\/product\/yoast-seo-wordpress\/ -->\n<title>Tratamentos - Habitualmente<\/title>\n<meta name=\"description\" content=\"Depress\u00e3o, ansiedade, fobias, altera\u00e7\u00f5es do Humor, ang\u00fastia, inseguran\u00e7a, estresse, dificuldades nas rela\u00e7\u00f5es.\" \/>\n<meta name=\"robots\" content=\"index, follow, max-snippet:-1, max-image-preview:large, max-video-preview:-1\" \/>\n<link rel=\"canonical\" href=\"https:\/\/lucianalluna.com\/habitualmente\/tratamentos\/\" \/>\n<meta property=\"og:locale\" content=\"pt_BR\" \/>\n<meta property=\"og:type\" content=\"article\" \/>\n<meta property=\"og:title\" content=\"Tratamentos - Habitualmente\" \/>\n<meta property=\"og:description\" content=\"Depress\u00e3o, ansiedade, fobias, altera\u00e7\u00f5es do Humor, ang\u00fastia, inseguran\u00e7a, estresse, dificuldades nas rela\u00e7\u00f5es.\" \/>\n<meta property=\"og:url\" content=\"https:\/\/lucianalluna.com\/habitualmente\/tratamentos\/\" \/>\n<meta property=\"og:site_name\" content=\"Habitualmente\" \/>\n<meta name=\"twitter:card\" content=\"summary_large_image\" \/>\n<meta name=\"twitter:label1\" content=\"Est. tempo de leitura\" \/>\n\t<meta name=\"twitter:data1\" content=\"1 minuto\" \/>\n<script type=\"application\/ld+json\" class=\"yoast-schema-graph\">{\"@context\":\"https:\\\/\\\/schema.org\",\"@graph\":[{\"@type\":\"WebPage\",\"@id\":\"https:\\\/\\\/lucianalluna.com\\\/habitualmente\\\/tratamentos\\\/\",\"url\":\"https:\\\/\\\/lucianalluna.com\\\/habitualmente\\\/tratamentos\\\/\",\"name\":\"Tratamentos - Habitualmente\",\"isPartOf\":{\"@id\":\"https:\\\/\\\/lucianalluna.com\\\/habitualmente\\\/#website\"},\"datePublished\":\"2023-06-29T00:11:30+00:00\",\"description\":\"Depress\u00e3o, ansiedade, fobias, altera\u00e7\u00f5es do Humor, ang\u00fastia, inseguran\u00e7a, estresse, dificuldades nas rela\u00e7\u00f5es.\",\"breadcrumb\":{\"@id\":\"https:\\\/\\\/lucianalluna.com\\\/habitualmente\\\/tratamentos\\\/#breadcrumb\"},\"inLanguage\":\"pt-BR\",\"potentialAction\":[{\"@type\":\"ReadAction\",\"target\":[\"https:\\\/\\\/lucianalluna.com\\\/habitualmente\\\/tratamentos\\\/\"]}]},{\"@type\":\"BreadcrumbList\",\"@id\":\"https:\\\/\\\/lucianalluna.com\\\/habitualmente\\\/tratamentos\\\/#breadcrumb\",\"itemListElement\":[{\"@type\":\"ListItem\",\"position\":1,\"name\":\"In\u00edcio\",\"item\":\"https:\\\/\\\/lucianalluna.com\\\/habitualmente\\\/\"},{\"@type\":\"ListItem\",\"position\":2,\"name\":\"Tratamentos\"}]},{\"@type\":\"WebSite\",\"@id\":\"https:\\\/\\\/lucianalluna.com\\\/habitualmente\\\/#website\",\"url\":\"https:\\\/\\\/lucianalluna.com\\\/habitualmente\\\/\",\"name\":\"Habitualmente\",\"description\":\"\",\"publisher\":{\"@id\":\"https:\\\/\\\/lucianalluna.com\\\/habitualmente\\\/#\\\/schema\\\/person\\\/877ddd38b0ebfa261bc1b8db8ebc3743\"},\"alternateName\":\"H\u00e1bitos\",\"potentialAction\":[{\"@type\":\"SearchAction\",\"target\":{\"@type\":\"EntryPoint\",\"urlTemplate\":\"https:\\\/\\\/lucianalluna.com\\\/habitualmente\\\/?s={search_term_string}\"},\"query-input\":{\"@type\":\"PropertyValueSpecification\",\"valueRequired\":true,\"valueName\":\"search_term_string\"}}],\"inLanguage\":\"pt-BR\"},{\"@type\":[\"Person\",\"Organization\"],\"@id\":\"https:\\\/\\\/lucianalluna.com\\\/habitualmente\\\/#\\\/schema\\\/person\\\/877ddd38b0ebfa261bc1b8db8ebc3743\",\"name\":\"llluna.psi\",\"image\":{\"@type\":\"ImageObject\",\"inLanguage\":\"pt-BR\",\"@id\":\"https:\\\/\\\/secure.gravatar.com\\\/avatar\\\/fd7828cafcc8e0dcb3d8dfe0a761586133106965efaf7b2db45b207d763d2283?s=96&d=mm&r=g\",\"url\":\"https:\\\/\\\/secure.gravatar.com\\\/avatar\\\/fd7828cafcc8e0dcb3d8dfe0a761586133106965efaf7b2db45b207d763d2283?s=96&d=mm&r=g\",\"contentUrl\":\"https:\\\/\\\/secure.gravatar.com\\\/avatar\\\/fd7828cafcc8e0dcb3d8dfe0a761586133106965efaf7b2db45b207d763d2283?s=96&d=mm&r=g\",\"caption\":\"llluna.psi\"},\"logo\":{\"@id\":\"https:\\\/\\\/secure.gravatar.com\\\/avatar\\\/fd7828cafcc8e0dcb3d8dfe0a761586133106965efaf7b2db45b207d763d2283?s=96&d=mm&r=g\"},\"description\":\"Sou Luciana L. Luna, Psic\u00f3loga Cl\u00ednica, graduada desde 2011, com atua\u00e7\u00e3o voltada para o atendimento psicol\u00f3gico online. Tenho me dedicado especialmente ao cuidado de pessoas que enfrentam sintomas de ansiedade, oferecendo um espa\u00e7o acolhedor, \u00e9tico e direcionado ao autoconhecimento e desenvolvimento emocional. Minha pr\u00e1tica \u00e9 fundamentada na Terapia Cognitivo-Comportamental (TCC), abordagem reconhecida cientificamente por sua efic\u00e1cia. Atrav\u00e9s dela, ajudo meus pacientes a compreenderem de forma mais clara a rela\u00e7\u00e3o entre pensamentos, emo\u00e7\u00f5es e comportamentos \u2014 promovendo mudan\u00e7as significativas na forma como interpretam e lidam com as situa\u00e7\u00f5es cotidianas. O objetivo \u00e9 que, com suporte t\u00e9cnico e reflex\u00e3o guiada, cada pessoa possa construir caminhos mais conscientes e saud\u00e1veis de enfrentamento, desenvolvendo uma nova forma de se relacionar consigo mesma, com os outros e com o mundo ao seu redor.\",\"sameAs\":[\"https:\\\/\\\/lucianalluna.com\\\/habitualmente\",\"https:\\\/\\\/www.instagram.com\\\/llluna.psi?igsh=MTg1ZDhqdGVyNG1reA==\"]}]}<\/script>\n<!-- \/ Yoast SEO plugin. -->","yoast_head_json":{"title":"Tratamentos - Habitualmente","description":"Depress\u00e3o, ansiedade, fobias, altera\u00e7\u00f5es do Humor, ang\u00fastia, inseguran\u00e7a, estresse, dificuldades nas rela\u00e7\u00f5es.","robots":{"index":"index","follow":"follow","max-snippet":"max-snippet:-1","max-image-preview":"max-image-preview:large","max-video-preview":"max-video-preview:-1"},"canonical":"https:\/\/lucianalluna.com\/habitualmente\/tratamentos\/","og_locale":"pt_BR","og_type":"article","og_title":"Tratamentos - Habitualmente","og_description":"Depress\u00e3o, ansiedade, fobias, altera\u00e7\u00f5es do Humor, ang\u00fastia, inseguran\u00e7a, estresse, dificuldades nas rela\u00e7\u00f5es.","og_url":"https:\/\/lucianalluna.com\/habitualmente\/tratamentos\/","og_site_name":"Habitualmente","twitter_card":"summary_large_image","twitter_misc":{"Est. tempo de leitura":"1 minuto"},"schema":{"@context":"https:\/\/schema.org","@graph":[{"@type":"WebPage","@id":"https:\/\/lucianalluna.com\/habitualmente\/tratamentos\/","url":"https:\/\/lucianalluna.com\/habitualmente\/tratamentos\/","name":"Tratamentos - Habitualmente","isPartOf":{"@id":"https:\/\/lucianalluna.com\/habitualmente\/#website"},"datePublished":"2023-06-29T00:11:30+00:00","description":"Depress\u00e3o, ansiedade, fobias, altera\u00e7\u00f5es do Humor, ang\u00fastia, inseguran\u00e7a, estresse, dificuldades nas rela\u00e7\u00f5es.","breadcrumb":{"@id":"https:\/\/lucianalluna.com\/habitualmente\/tratamentos\/#breadcrumb"},"inLanguage":"pt-BR","potentialAction":[{"@type":"ReadAction","target":["https:\/\/lucianalluna.com\/habitualmente\/tratamentos\/"]}]},{"@type":"BreadcrumbList","@id":"https:\/\/lucianalluna.com\/habitualmente\/tratamentos\/#breadcrumb","itemListElement":[{"@type":"ListItem","position":1,"name":"In\u00edcio","item":"https:\/\/lucianalluna.com\/habitualmente\/"},{"@type":"ListItem","position":2,"name":"Tratamentos"}]},{"@type":"WebSite","@id":"https:\/\/lucianalluna.com\/habitualmente\/#website","url":"https:\/\/lucianalluna.com\/habitualmente\/","name":"Habitualmente","description":"","publisher":{"@id":"https:\/\/lucianalluna.com\/habitualmente\/#\/schema\/person\/877ddd38b0ebfa261bc1b8db8ebc3743"},"alternateName":"H\u00e1bitos","potentialAction":[{"@type":"SearchAction","target":{"@type":"EntryPoint","urlTemplate":"https:\/\/lucianalluna.com\/habitualmente\/?s={search_term_string}"},"query-input":{"@type":"PropertyValueSpecification","valueRequired":true,"valueName":"search_term_string"}}],"inLanguage":"pt-BR"},{"@type":["Person","Organization"],"@id":"https:\/\/lucianalluna.com\/habitualmente\/#\/schema\/person\/877ddd38b0ebfa261bc1b8db8ebc3743","name":"llluna.psi","image":{"@type":"ImageObject","inLanguage":"pt-BR","@id":"https:\/\/secure.gravatar.com\/avatar\/fd7828cafcc8e0dcb3d8dfe0a761586133106965efaf7b2db45b207d763d2283?s=96&d=mm&r=g","url":"https:\/\/secure.gravatar.com\/avatar\/fd7828cafcc8e0dcb3d8dfe0a761586133106965efaf7b2db45b207d763d2283?s=96&d=mm&r=g","contentUrl":"https:\/\/secure.gravatar.com\/avatar\/fd7828cafcc8e0dcb3d8dfe0a761586133106965efaf7b2db45b207d763d2283?s=96&d=mm&r=g","caption":"llluna.psi"},"logo":{"@id":"https:\/\/secure.gravatar.com\/avatar\/fd7828cafcc8e0dcb3d8dfe0a761586133106965efaf7b2db45b207d763d2283?s=96&d=mm&r=g"},"description":"Sou Luciana L. Luna, Psic\u00f3loga Cl\u00ednica, graduada desde 2011, com atua\u00e7\u00e3o voltada para o atendimento psicol\u00f3gico online. Tenho me dedicado especialmente ao cuidado de pessoas que enfrentam sintomas de ansiedade, oferecendo um espa\u00e7o acolhedor, \u00e9tico e direcionado ao autoconhecimento e desenvolvimento emocional. Minha pr\u00e1tica \u00e9 fundamentada na Terapia Cognitivo-Comportamental (TCC), abordagem reconhecida cientificamente por sua efic\u00e1cia. Atrav\u00e9s dela, ajudo meus pacientes a compreenderem de forma mais clara a rela\u00e7\u00e3o entre pensamentos, emo\u00e7\u00f5es e comportamentos \u2014 promovendo mudan\u00e7as significativas na forma como interpretam e lidam com as situa\u00e7\u00f5es cotidianas. O objetivo \u00e9 que, com suporte t\u00e9cnico e reflex\u00e3o guiada, cada pessoa possa construir caminhos mais conscientes e saud\u00e1veis de enfrentamento, desenvolvendo uma nova forma de se relacionar consigo mesma, com os outros e com o mundo ao seu redor.","sameAs":["https:\/\/lucianalluna.com\/habitualmente","https:\/\/www.instagram.com\/llluna.psi?igsh=MTg1ZDhqdGVyNG1reA=="]}]}},"_hostinger_reach_plugin_has_subscription_block":false,"_hostinger_reach_plugin_is_elementor":false,"_links":{"self":[{"href":"https:\/\/lucianalluna.com\/habitualmente\/wp-json\/wp\/v2\/pages\/135","targetHints":{"allow":["GET"]}}],"collection":[{"href":"https:\/\/lucianalluna.com\/habitualmente\/wp-json\/wp\/v2\/pages"}],"about":[{"href":"https:\/\/lucianalluna.com\/habitualmente\/wp-json\/wp\/v2\/types\/page"}],"author":[{"embeddable":true,"href":"https:\/\/lucianalluna.com\/habitualmente\/wp-json\/wp\/v2\/users\/1"}],"replies":[{"embeddable":true,"href":"https:\/\/lucianalluna.com\/habitualmente\/wp-json\/wp\/v2\/comments?post=135"}],"version-history":[{"count":1,"href":"https:\/\/lucianalluna.com\/habitualmente\/wp-json\/wp\/v2\/pages\/135\/revisions"}],"predecessor-version":[{"id":136,"href":"https:\/\/lucianalluna.com\/habitualmente\/wp-json\/wp\/v2\/pages\/135\/revisions\/136"}],"wp:attachment":[{"href":"https:\/\/lucianalluna.com\/habitualmente\/wp-json\/wp\/v2\/media?parent=135"}],"curies":[{"name":"wp","href":"https:\/\/api.w.org\/{rel}","templated":true}]}}