{"id":157,"date":"2023-06-29T01:38:28","date_gmt":"2023-06-29T04:38:28","guid":{"rendered":"https:\/\/lucianalluna.com\/habitualmente\/?page_id=157"},"modified":"2023-06-29T19:13:40","modified_gmt":"2023-06-29T22:13:40","slug":"suporte-online-a-saude-mental","status":"publish","type":"page","link":"https:\/\/lucianalluna.com\/habitualmente\/suporte-online-a-saude-mental\/","title":{"rendered":"Terapia Online"},"content":{"rendered":"\n<p>Antes de mais nada, enfatizo que a terapia online tem se tornado uma op\u00e7\u00e3o cada vez mais popular e acess\u00edvel para receber suporte e tratamento relacionados a sa\u00fade mental. <\/p>\n\n\n\n<p>Por outro lado, mesmo compreendendo que n\u00e3o \u00e9 poss\u00edvel atender todas as demandas online, uma vez que alguns problemas de sa\u00fade mental podem exigir avalia\u00e7\u00e3o presencial ou interven\u00e7\u00f5es espec\u00edficas que n\u00e3o s\u00e3o poss\u00edveis de serem realizadas remotamente. Muitos profissionais t\u00eam oferecido a terapia online como uma alternativa favor\u00e1vel e eficaz \u00e0s sess\u00f5es presenciais.<\/p>\n\n\n\n<p>Sob o mesmo ponto de vista, seguem abaixo alguns cuidados e raz\u00f5es que viabilizam essa modalidade de atendimento:<\/p>\n\n\n\n<ul class=\"wp-block-list\">\n<li>\u00c9 importante que seja considerada a prote\u00e7\u00e3o e seguran\u00e7a dos dados atrav\u00e9s da instala\u00e7\u00e3o de um antiv\u00edrus;<\/li>\n\n\n\n<li>Devemos dar import\u00e2ncia ao uso de fones de ouvidos em prol do sigilo das informa\u00e7\u00f5es compartilhadas;<\/li>\n\n\n\n<li>De prefer\u00eancia que o aparelho utilizado para as sess\u00f5es n\u00e3o seja compartilhado.<\/li>\n\n\n\n<li>A dura\u00e7\u00e3o da sess\u00e3o \u00e9 a mesma se comparada a sess\u00e3o presencial;<\/li>\n\n\n\n<li>Acesso mais amplo, especialmente para aqueles que n\u00e3o t\u00eam acesso f\u00e1cil a profissionais qualificados;<\/li>\n\n\n\n<li>Facilita o paciente que n\u00e3o pode se deslocar por diversas quest\u00f5es, como por exemplo aqueles que tem dificuldade de mobilidade;<\/li>\n\n\n\n<li>Possibilita ainda o atendimento de pessoas com fobia social, pela privacidade, oferecendo um espa\u00e7o privado, confidencial onde se sinta mais confort\u00e1vel para compartilhar suas preocupa\u00e7\u00f5es;<\/li>\n\n\n\n<li>Variedades de terapeutas independente da sua localiza\u00e7\u00e3o geogr\u00e1fica, fazendo voc\u00ea optar pelo profissional que atenda melhor \u00e0s suas necessidades e prefer\u00eancias;<\/li>\n\n\n\n<li>N\u00e3o difere do atendimento presencial no quesito de resultados, do sigilo e \u00e9tica profissional;<\/li>\n\n\n\n<li>Ganho de tempo, por n\u00e3o precisar enfrentar o tr\u00e2nsito para se deslocar.<\/li>\n<\/ul>\n\n\n\n<p>Em suma, a terapia online, envolve a realiza\u00e7\u00e3o das sess\u00f5es atrav\u00e9s de plataformas de v\u00eddeo chamadas ou programas de comunica\u00e7\u00e3o online. Permitindo que as pessoas acessem os servi\u00e7os de qualquer lugar, desde que tenham uma conex\u00e3o est\u00e1vel \u00e0 Internet. <\/p>\n","protected":false},"excerpt":{"rendered":"<p>Antes de mais nada, enfatizo que a terapia online tem se tornado uma op\u00e7\u00e3o cada vez mais popular e acess\u00edvel para receber suporte e tratamento relacionados a sa\u00fade mental. Por outro lado, mesmo compreendendo que n\u00e3o \u00e9 poss\u00edvel atender todas as demandas online, uma vez que alguns problemas de sa\u00fade mental podem exigir avalia\u00e7\u00e3o presencial &#8230; <a title=\"Terapia Online\" class=\"read-more\" href=\"https:\/\/lucianalluna.com\/habitualmente\/suporte-online-a-saude-mental\/\" aria-label=\"Read more about Terapia Online\">Ler mais<\/a><\/p>\n","protected":false},"author":1,"featured_media":0,"parent":0,"menu_order":0,"comment_status":"closed","ping_status":"closed","template":"","meta":{"footnotes":""},"class_list":["post-157","page","type-page","status-publish"],"yoast_head":"<!-- This site is optimized with the Yoast SEO plugin v27.4 - https:\/\/yoast.com\/product\/yoast-seo-wordpress\/ -->\n<title>Terapia Online - Habitualmente<\/title>\n<meta name=\"description\" content=\"Raz\u00f5es pelas quais viabilizam a terapia online: aquele paciente que n\u00e3o pode se deslocar, por diversas quest\u00f5es, a principal delas \u00e9 por dificuldades de locomo\u00e7\u00e3o; Possibilita ainda o atendimento de pessoas com fobia social podendo realizar sua sess\u00e3o online no seu conforto;\" \/>\n<meta name=\"robots\" content=\"index, follow, max-snippet:-1, max-image-preview:large, max-video-preview:-1\" \/>\n<link rel=\"canonical\" href=\"https:\/\/lucianalluna.com\/habitualmente\/suporte-online-a-saude-mental\/\" \/>\n<meta property=\"og:locale\" content=\"pt_BR\" \/>\n<meta property=\"og:type\" content=\"article\" \/>\n<meta property=\"og:title\" content=\"Terapia Online - Habitualmente\" \/>\n<meta property=\"og:description\" content=\"Raz\u00f5es pelas quais viabilizam a terapia online: aquele paciente que n\u00e3o pode se deslocar, por diversas quest\u00f5es, a principal delas \u00e9 por dificuldades de locomo\u00e7\u00e3o; Possibilita ainda o atendimento de pessoas com fobia social podendo realizar sua sess\u00e3o online no seu conforto;\" \/>\n<meta property=\"og:url\" content=\"https:\/\/lucianalluna.com\/habitualmente\/suporte-online-a-saude-mental\/\" \/>\n<meta property=\"og:site_name\" content=\"Habitualmente\" \/>\n<meta property=\"article:modified_time\" content=\"2023-06-29T22:13:40+00:00\" \/>\n<meta name=\"twitter:card\" content=\"summary_large_image\" \/>\n<meta name=\"twitter:label1\" content=\"Est. tempo de leitura\" \/>\n\t<meta name=\"twitter:data1\" content=\"2 minutos\" \/>\n<script type=\"application\/ld+json\" class=\"yoast-schema-graph\">{\"@context\":\"https:\\\/\\\/schema.org\",\"@graph\":[{\"@type\":\"WebPage\",\"@id\":\"https:\\\/\\\/lucianalluna.com\\\/habitualmente\\\/suporte-online-a-saude-mental\\\/\",\"url\":\"https:\\\/\\\/lucianalluna.com\\\/habitualmente\\\/suporte-online-a-saude-mental\\\/\",\"name\":\"Terapia Online - Habitualmente\",\"isPartOf\":{\"@id\":\"https:\\\/\\\/lucianalluna.com\\\/habitualmente\\\/#website\"},\"datePublished\":\"2023-06-29T04:38:28+00:00\",\"dateModified\":\"2023-06-29T22:13:40+00:00\",\"description\":\"Raz\u00f5es pelas quais viabilizam a terapia online: aquele paciente que n\u00e3o pode se deslocar, por diversas quest\u00f5es, a principal delas \u00e9 por dificuldades de locomo\u00e7\u00e3o; Possibilita ainda o atendimento de pessoas com fobia social podendo realizar sua sess\u00e3o online no seu conforto;\",\"breadcrumb\":{\"@id\":\"https:\\\/\\\/lucianalluna.com\\\/habitualmente\\\/suporte-online-a-saude-mental\\\/#breadcrumb\"},\"inLanguage\":\"pt-BR\",\"potentialAction\":[{\"@type\":\"ReadAction\",\"target\":[\"https:\\\/\\\/lucianalluna.com\\\/habitualmente\\\/suporte-online-a-saude-mental\\\/\"]}]},{\"@type\":\"BreadcrumbList\",\"@id\":\"https:\\\/\\\/lucianalluna.com\\\/habitualmente\\\/suporte-online-a-saude-mental\\\/#breadcrumb\",\"itemListElement\":[{\"@type\":\"ListItem\",\"position\":1,\"name\":\"In\u00edcio\",\"item\":\"https:\\\/\\\/lucianalluna.com\\\/habitualmente\\\/\"},{\"@type\":\"ListItem\",\"position\":2,\"name\":\"Terapia Online\"}]},{\"@type\":\"WebSite\",\"@id\":\"https:\\\/\\\/lucianalluna.com\\\/habitualmente\\\/#website\",\"url\":\"https:\\\/\\\/lucianalluna.com\\\/habitualmente\\\/\",\"name\":\"Habitualmente\",\"description\":\"\",\"publisher\":{\"@id\":\"https:\\\/\\\/lucianalluna.com\\\/habitualmente\\\/#\\\/schema\\\/person\\\/877ddd38b0ebfa261bc1b8db8ebc3743\"},\"alternateName\":\"H\u00e1bitos\",\"potentialAction\":[{\"@type\":\"SearchAction\",\"target\":{\"@type\":\"EntryPoint\",\"urlTemplate\":\"https:\\\/\\\/lucianalluna.com\\\/habitualmente\\\/?s={search_term_string}\"},\"query-input\":{\"@type\":\"PropertyValueSpecification\",\"valueRequired\":true,\"valueName\":\"search_term_string\"}}],\"inLanguage\":\"pt-BR\"},{\"@type\":[\"Person\",\"Organization\"],\"@id\":\"https:\\\/\\\/lucianalluna.com\\\/habitualmente\\\/#\\\/schema\\\/person\\\/877ddd38b0ebfa261bc1b8db8ebc3743\",\"name\":\"llluna.psi\",\"image\":{\"@type\":\"ImageObject\",\"inLanguage\":\"pt-BR\",\"@id\":\"https:\\\/\\\/secure.gravatar.com\\\/avatar\\\/fd7828cafcc8e0dcb3d8dfe0a761586133106965efaf7b2db45b207d763d2283?s=96&d=mm&r=g\",\"url\":\"https:\\\/\\\/secure.gravatar.com\\\/avatar\\\/fd7828cafcc8e0dcb3d8dfe0a761586133106965efaf7b2db45b207d763d2283?s=96&d=mm&r=g\",\"contentUrl\":\"https:\\\/\\\/secure.gravatar.com\\\/avatar\\\/fd7828cafcc8e0dcb3d8dfe0a761586133106965efaf7b2db45b207d763d2283?s=96&d=mm&r=g\",\"caption\":\"llluna.psi\"},\"logo\":{\"@id\":\"https:\\\/\\\/secure.gravatar.com\\\/avatar\\\/fd7828cafcc8e0dcb3d8dfe0a761586133106965efaf7b2db45b207d763d2283?s=96&d=mm&r=g\"},\"description\":\"Sou Luciana L. Luna, Psic\u00f3loga Cl\u00ednica, graduada desde 2011, com atua\u00e7\u00e3o voltada para o atendimento psicol\u00f3gico online. Tenho me dedicado especialmente ao cuidado de pessoas que enfrentam sintomas de ansiedade, oferecendo um espa\u00e7o acolhedor, \u00e9tico e direcionado ao autoconhecimento e desenvolvimento emocional. Minha pr\u00e1tica \u00e9 fundamentada na Terapia Cognitivo-Comportamental (TCC), abordagem reconhecida cientificamente por sua efic\u00e1cia. Atrav\u00e9s dela, ajudo meus pacientes a compreenderem de forma mais clara a rela\u00e7\u00e3o entre pensamentos, emo\u00e7\u00f5es e comportamentos \u2014 promovendo mudan\u00e7as significativas na forma como interpretam e lidam com as situa\u00e7\u00f5es cotidianas. O objetivo \u00e9 que, com suporte t\u00e9cnico e reflex\u00e3o guiada, cada pessoa possa construir caminhos mais conscientes e saud\u00e1veis de enfrentamento, desenvolvendo uma nova forma de se relacionar consigo mesma, com os outros e com o mundo ao seu redor.\",\"sameAs\":[\"https:\\\/\\\/lucianalluna.com\\\/habitualmente\",\"https:\\\/\\\/www.instagram.com\\\/llluna.psi?igsh=MTg1ZDhqdGVyNG1reA==\"]}]}<\/script>\n<!-- \/ Yoast SEO plugin. -->","yoast_head_json":{"title":"Terapia Online - Habitualmente","description":"Raz\u00f5es pelas quais viabilizam a terapia online: aquele paciente que n\u00e3o pode se deslocar, por diversas quest\u00f5es, a principal delas \u00e9 por dificuldades de locomo\u00e7\u00e3o; Possibilita ainda o atendimento de pessoas com fobia social podendo realizar sua sess\u00e3o online no seu conforto;","robots":{"index":"index","follow":"follow","max-snippet":"max-snippet:-1","max-image-preview":"max-image-preview:large","max-video-preview":"max-video-preview:-1"},"canonical":"https:\/\/lucianalluna.com\/habitualmente\/suporte-online-a-saude-mental\/","og_locale":"pt_BR","og_type":"article","og_title":"Terapia Online - Habitualmente","og_description":"Raz\u00f5es pelas quais viabilizam a terapia online: aquele paciente que n\u00e3o pode se deslocar, por diversas quest\u00f5es, a principal delas \u00e9 por dificuldades de locomo\u00e7\u00e3o; Possibilita ainda o atendimento de pessoas com fobia social podendo realizar sua sess\u00e3o online no seu conforto;","og_url":"https:\/\/lucianalluna.com\/habitualmente\/suporte-online-a-saude-mental\/","og_site_name":"Habitualmente","article_modified_time":"2023-06-29T22:13:40+00:00","twitter_card":"summary_large_image","twitter_misc":{"Est. tempo de leitura":"2 minutos"},"schema":{"@context":"https:\/\/schema.org","@graph":[{"@type":"WebPage","@id":"https:\/\/lucianalluna.com\/habitualmente\/suporte-online-a-saude-mental\/","url":"https:\/\/lucianalluna.com\/habitualmente\/suporte-online-a-saude-mental\/","name":"Terapia Online - Habitualmente","isPartOf":{"@id":"https:\/\/lucianalluna.com\/habitualmente\/#website"},"datePublished":"2023-06-29T04:38:28+00:00","dateModified":"2023-06-29T22:13:40+00:00","description":"Raz\u00f5es pelas quais viabilizam a terapia online: aquele paciente que n\u00e3o pode se deslocar, por diversas quest\u00f5es, a principal delas \u00e9 por dificuldades de locomo\u00e7\u00e3o; Possibilita ainda o atendimento de pessoas com fobia social podendo realizar sua sess\u00e3o online no seu conforto;","breadcrumb":{"@id":"https:\/\/lucianalluna.com\/habitualmente\/suporte-online-a-saude-mental\/#breadcrumb"},"inLanguage":"pt-BR","potentialAction":[{"@type":"ReadAction","target":["https:\/\/lucianalluna.com\/habitualmente\/suporte-online-a-saude-mental\/"]}]},{"@type":"BreadcrumbList","@id":"https:\/\/lucianalluna.com\/habitualmente\/suporte-online-a-saude-mental\/#breadcrumb","itemListElement":[{"@type":"ListItem","position":1,"name":"In\u00edcio","item":"https:\/\/lucianalluna.com\/habitualmente\/"},{"@type":"ListItem","position":2,"name":"Terapia Online"}]},{"@type":"WebSite","@id":"https:\/\/lucianalluna.com\/habitualmente\/#website","url":"https:\/\/lucianalluna.com\/habitualmente\/","name":"Habitualmente","description":"","publisher":{"@id":"https:\/\/lucianalluna.com\/habitualmente\/#\/schema\/person\/877ddd38b0ebfa261bc1b8db8ebc3743"},"alternateName":"H\u00e1bitos","potentialAction":[{"@type":"SearchAction","target":{"@type":"EntryPoint","urlTemplate":"https:\/\/lucianalluna.com\/habitualmente\/?s={search_term_string}"},"query-input":{"@type":"PropertyValueSpecification","valueRequired":true,"valueName":"search_term_string"}}],"inLanguage":"pt-BR"},{"@type":["Person","Organization"],"@id":"https:\/\/lucianalluna.com\/habitualmente\/#\/schema\/person\/877ddd38b0ebfa261bc1b8db8ebc3743","name":"llluna.psi","image":{"@type":"ImageObject","inLanguage":"pt-BR","@id":"https:\/\/secure.gravatar.com\/avatar\/fd7828cafcc8e0dcb3d8dfe0a761586133106965efaf7b2db45b207d763d2283?s=96&d=mm&r=g","url":"https:\/\/secure.gravatar.com\/avatar\/fd7828cafcc8e0dcb3d8dfe0a761586133106965efaf7b2db45b207d763d2283?s=96&d=mm&r=g","contentUrl":"https:\/\/secure.gravatar.com\/avatar\/fd7828cafcc8e0dcb3d8dfe0a761586133106965efaf7b2db45b207d763d2283?s=96&d=mm&r=g","caption":"llluna.psi"},"logo":{"@id":"https:\/\/secure.gravatar.com\/avatar\/fd7828cafcc8e0dcb3d8dfe0a761586133106965efaf7b2db45b207d763d2283?s=96&d=mm&r=g"},"description":"Sou Luciana L. Luna, Psic\u00f3loga Cl\u00ednica, graduada desde 2011, com atua\u00e7\u00e3o voltada para o atendimento psicol\u00f3gico online. Tenho me dedicado especialmente ao cuidado de pessoas que enfrentam sintomas de ansiedade, oferecendo um espa\u00e7o acolhedor, \u00e9tico e direcionado ao autoconhecimento e desenvolvimento emocional. Minha pr\u00e1tica \u00e9 fundamentada na Terapia Cognitivo-Comportamental (TCC), abordagem reconhecida cientificamente por sua efic\u00e1cia. Atrav\u00e9s dela, ajudo meus pacientes a compreenderem de forma mais clara a rela\u00e7\u00e3o entre pensamentos, emo\u00e7\u00f5es e comportamentos \u2014 promovendo mudan\u00e7as significativas na forma como interpretam e lidam com as situa\u00e7\u00f5es cotidianas. O objetivo \u00e9 que, com suporte t\u00e9cnico e reflex\u00e3o guiada, cada pessoa possa construir caminhos mais conscientes e saud\u00e1veis de enfrentamento, desenvolvendo uma nova forma de se relacionar consigo mesma, com os outros e com o mundo ao seu redor.","sameAs":["https:\/\/lucianalluna.com\/habitualmente","https:\/\/www.instagram.com\/llluna.psi?igsh=MTg1ZDhqdGVyNG1reA=="]}]}},"_hostinger_reach_plugin_has_subscription_block":false,"_hostinger_reach_plugin_is_elementor":false,"_links":{"self":[{"href":"https:\/\/lucianalluna.com\/habitualmente\/wp-json\/wp\/v2\/pages\/157","targetHints":{"allow":["GET"]}}],"collection":[{"href":"https:\/\/lucianalluna.com\/habitualmente\/wp-json\/wp\/v2\/pages"}],"about":[{"href":"https:\/\/lucianalluna.com\/habitualmente\/wp-json\/wp\/v2\/types\/page"}],"author":[{"embeddable":true,"href":"https:\/\/lucianalluna.com\/habitualmente\/wp-json\/wp\/v2\/users\/1"}],"replies":[{"embeddable":true,"href":"https:\/\/lucianalluna.com\/habitualmente\/wp-json\/wp\/v2\/comments?post=157"}],"version-history":[{"count":5,"href":"https:\/\/lucianalluna.com\/habitualmente\/wp-json\/wp\/v2\/pages\/157\/revisions"}],"predecessor-version":[{"id":177,"href":"https:\/\/lucianalluna.com\/habitualmente\/wp-json\/wp\/v2\/pages\/157\/revisions\/177"}],"wp:attachment":[{"href":"https:\/\/lucianalluna.com\/habitualmente\/wp-json\/wp\/v2\/media?parent=157"}],"curies":[{"name":"wp","href":"https:\/\/api.w.org\/{rel}","templated":true}]}}